{"id":48,"date":"2018-04-06T20:51:54","date_gmt":"2018-04-06T17:51:54","guid":{"rendered":"http:\/\/tulkaakaikkihame.fi\/?page_id=48"},"modified":"2018-04-06T20:51:54","modified_gmt":"2018-04-06T17:51:54","slug":"yhteyksia","status":"publish","type":"page","link":"https:\/\/paijathame.tulkaakaikki.net\/dir\/yhteyksia\/","title":{"rendered":"Yhteyksi\u00e4"},"content":{"rendered":"<p style=\"text-align: center;\"><strong>Antero Helanter\u00e4<br \/>\n<\/strong>Lahti<br \/>\nLahden seurakuntayhtym\u00e4n kirkkovaltuusto<br \/>\nSalpaussel\u00e4n seurakuntaneuvosto<br \/>\nantero.helantera@phnet.fi<\/p>\n<hr \/>\n<p style=\"text-align: center;\"><strong>Web-sivujen yll\u00e4pito<br \/>\n<\/strong><\/p>\n<p style=\"text-align: center;\">Web- sivuihin liittyviss\u00e4 asioissa kannattaa ottaa yhteys s\u00e4hk\u00f6postitse osoitteeseen tulkaakaikkihame@gmail.com.<\/p>\n","protected":false},"excerpt":{"rendered":"<p>Antero Helanter\u00e4 Lahti Lahden seurakuntayhtym\u00e4n kirkkovaltuusto Salpaussel\u00e4n seurakuntaneuvosto antero.helantera@phnet.fi Web-sivujen yll\u00e4pito Web- sivuihin liittyviss\u00e4 asioissa kannattaa ottaa yhteys s\u00e4hk\u00f6postitse osoitteeseen tulkaakaikkihame@gmail.com.<\/p>\n","protected":false},"author":2,"featured_media":0,"parent":0,"menu_order":0,"comment_status":"closed","ping_status":"closed","template":"page-templates\/template-full-width.php","meta":{"pagelayer_contact_templates":[],"_pagelayer_content":"","footnotes":""},"class_list":["post-48","page","type-page","status-publish","hentry"],"_links":{"self":[{"href":"https:\/\/paijathame.tulkaakaikki.net\/dir\/wp-json\/wp\/v2\/pages\/48","targetHints":{"allow":["GET"]}}],"collection":[{"href":"https:\/\/paijathame.tulkaakaikki.net\/dir\/wp-json\/wp\/v2\/pages"}],"about":[{"href":"https:\/\/paijathame.tulkaakaikki.net\/dir\/wp-json\/wp\/v2\/types\/page"}],"author":[{"embeddable":true,"href":"https:\/\/paijathame.tulkaakaikki.net\/dir\/wp-json\/wp\/v2\/users\/2"}],"replies":[{"embeddable":true,"href":"https:\/\/paijathame.tulkaakaikki.net\/dir\/wp-json\/wp\/v2\/comments?post=48"}],"version-history":[{"count":0,"href":"https:\/\/paijathame.tulkaakaikki.net\/dir\/wp-json\/wp\/v2\/pages\/48\/revisions"}],"wp:attachment":[{"href":"https:\/\/paijathame.tulkaakaikki.net\/dir\/wp-json\/wp\/v2\/media?parent=48"}],"curies":[{"name":"wp","href":"https:\/\/api.w.org\/{rel}","templated":true}]}}