{"id":758,"date":"2018-11-20T23:38:12","date_gmt":"2018-11-20T21:38:12","guid":{"rendered":"http:\/\/tulkaakaikkihame.fi\/?page_id=758"},"modified":"2023-09-28T19:28:09","modified_gmt":"2023-09-28T19:28:09","slug":"edustajamme-lahden-seurakuntien-luottamuselimissa","status":"publish","type":"page","link":"https:\/\/paijathame.tulkaakaikki.net\/dir\/edustajamme-lahden-seurakuntien-luottamuselimissa\/","title":{"rendered":"Edustajamme Lahden seurakuntien luottamuselimiss\u00e4 2018 &#8211; 2022"},"content":{"rendered":"\n<p>Seurakuntavaaleissa 18.11.18 valitut henkil\u00f6t Tulkaa Kaikki H\u00e4me- listalta<\/p>\n\n\n\n<p><span style=\"font-family: Helvetica,Arial,sans-serif; color: #278e55; font-weight: bold; font-size: 200%;\">Joutj\u00e4rven seurakunta<\/span><\/p>\n\n\n\n<figure class=\"wp-block-table\"><table><tbody><tr><td>Yhteinen kirkkovaltuusto<\/td><td><\/td><td>Seurakuntaneuvosto<\/td><\/tr><tr><td>Pauliina Palo <\/td><td><\/td><td>Pauliina Palo <\/td><\/tr><\/tbody><\/table><\/figure>\n\n\n\n<p><span style=\"font-family: Helvetica,Arial,sans-serif; color: #278e55; font-weight: bold; font-size: 200%;\">Keski-Lahden seurakunta<br>\n<\/span><\/p>\n\n\n\n<figure class=\"wp-block-table\"><table><tbody><tr><td>Yhteinen kirkkovaltuusto<\/td><td><\/td><td>Seurakuntaneuvosto<\/td><\/tr><tr><td>Noora Kalpio<br> <\/td><td><\/td><td>Noora Kalpio<br> <\/td><\/tr><tr><td>Tarja Koljonen<br> <\/td><td><\/td><td>Tarja Koljonen<br> <\/td><\/tr><tr><td><\/td><td><\/td><td>Katri Nivala<\/td><\/tr><tr><td>Kirsti Vaara<\/td><td><\/td><td><\/td><\/tr><\/tbody><\/table><\/figure>\n\n\n\n<p><span style=\"font-family: Helvetica,Arial,sans-serif; color: #278e55; font-weight: bold; font-size: 200%;\">Launeen seurakunta<br>\n<\/span><\/p>\n\n\n\n<figure class=\"wp-block-table\"><table><tbody><tr><td>Yhteinen kirkkovaltuusto<\/td><td><\/td><td>Seurakuntaneuvosto<\/td><\/tr><tr><td>Kati Lamp\u00e9n<br> <br> <\/td><td><\/td><td>Kati Lamp\u00e9n<br> <br> <\/td><\/tr><tr><td><\/td><td><\/td><td>Anne Kuusela<\/td><\/tr><\/tbody><\/table><\/figure>\n\n\n\n<p><span style=\"font-family: Helvetica,Arial,sans-serif; color: #278e55; font-weight: bold; font-size: 200%;\">Salpaussel\u00e4n seurakunta<br>\n<\/span><\/p>\n\n\n\n<figure class=\"wp-block-table\"><table><tbody><tr><td>Yhteinen kirkkovaltuusto<\/td><td><\/td><td>Seurakuntaneuvosto<\/td><\/tr><tr><td><\/td><td><\/td><td>Jenny Heinonen<\/td><\/tr><tr><td>Antero Helanter\u00e4<br> <br>  <\/td><td><\/td><td>Antero Helanter\u00e4<br> <br>  <\/td><\/tr><tr><td>Sirkku Pelkonen<\/td><td><\/td><td><\/td><\/tr><tr><td><\/td><td><\/td><td>Merja Savolainen<\/td><\/tr><tr><td>Jonna Rothberg-Mikkonen<\/td><td><\/td><td>Jonna Rothberg-Mikkonen<\/td><\/tr><\/tbody><\/table><\/figure>\n","protected":false},"excerpt":{"rendered":"<p>Seurakuntavaaleissa 18.11.18 valitut henkil\u00f6t Tulkaa Kaikki H\u00e4me- listalta Joutj\u00e4rven seurakunta Yhteinen kirkkovaltuusto Seurakuntaneuvosto Pauliina Palo Pauliina Palo Keski-Lahden seurakunta Yhteinen kirkkovaltuusto Seurakuntaneuvosto Noora Kalpio Noora Kalpio Tarja Koljonen Tarja Koljonen Katri Nivala Kirsti Vaara Launeen seurakunta Yhteinen kirkkovaltuusto Seurakuntaneuvosto Kati Lamp\u00e9n Kati Lamp\u00e9n Anne Kuusela Salpaussel\u00e4n seurakunta Yhteinen kirkkovaltuusto Seurakuntaneuvosto Jenny Heinonen Antero Helanter\u00e4 Antero [&hellip;]<\/p>\n","protected":false},"author":1,"featured_media":0,"parent":0,"menu_order":0,"comment_status":"closed","ping_status":"closed","template":"","meta":{"pagelayer_contact_templates":[],"_pagelayer_content":"","footnotes":""},"class_list":["post-758","page","type-page","status-publish","hentry"],"_links":{"self":[{"href":"https:\/\/paijathame.tulkaakaikki.net\/dir\/wp-json\/wp\/v2\/pages\/758","targetHints":{"allow":["GET"]}}],"collection":[{"href":"https:\/\/paijathame.tulkaakaikki.net\/dir\/wp-json\/wp\/v2\/pages"}],"about":[{"href":"https:\/\/paijathame.tulkaakaikki.net\/dir\/wp-json\/wp\/v2\/types\/page"}],"author":[{"embeddable":true,"href":"https:\/\/paijathame.tulkaakaikki.net\/dir\/wp-json\/wp\/v2\/users\/1"}],"replies":[{"embeddable":true,"href":"https:\/\/paijathame.tulkaakaikki.net\/dir\/wp-json\/wp\/v2\/comments?post=758"}],"version-history":[{"count":6,"href":"https:\/\/paijathame.tulkaakaikki.net\/dir\/wp-json\/wp\/v2\/pages\/758\/revisions"}],"predecessor-version":[{"id":2837,"href":"https:\/\/paijathame.tulkaakaikki.net\/dir\/wp-json\/wp\/v2\/pages\/758\/revisions\/2837"}],"wp:attachment":[{"href":"https:\/\/paijathame.tulkaakaikki.net\/dir\/wp-json\/wp\/v2\/media?parent=758"}],"curies":[{"name":"wp","href":"https:\/\/api.w.org\/{rel}","templated":true}]}}